{"id":744,"date":"2024-10-16T08:53:40","date_gmt":"2024-10-16T07:53:40","guid":{"rendered":"https:\/\/big-island.hu\/?page_id=744"},"modified":"2024-10-21T18:11:55","modified_gmt":"2024-10-21T17:11:55","slug":"impresszum","status":"publish","type":"page","link":"https:\/\/big-island.hu\/de\/impresszum\/","title":{"rendered":"Impresszum"},"content":{"rendered":"<p>[et_pb_section fb_built=&#8221;1&#8243; _builder_version=&#8221;4.24.0&#8243; _module_preset=&#8221;default&#8221; global_colors_info=&#8221;{}&#8221;][et_pb_row _builder_version=&#8221;4.24.0&#8243; _module_preset=&#8221;default&#8221; hover_enabled=&#8221;0&#8243; global_colors_info=&#8221;{}&#8221; sticky_enabled=&#8221;0&#8243;][et_pb_column type=&#8221;4_4&#8243; _builder_version=&#8221;4.24.0&#8243; _module_preset=&#8221;default&#8221; hover_enabled=&#8221;0&#8243; global_colors_info=&#8221;{}&#8221; sticky_enabled=&#8221;0&#8243;][et_pb_heading title=&#8221;Impresszum&#8221; _builder_version=&#8221;4.24.0&#8243; _module_preset=&#8221;default&#8221; hover_enabled=&#8221;0&#8243; global_colors_info=&#8221;{}&#8221; sticky_enabled=&#8221;0&#8243; title_text_align=&#8221;center&#8221; title_font_size=&#8221;45px&#8221;][\/et_pb_heading][\/et_pb_column][\/et_pb_row][et_pb_row _builder_version=&#8221;4.24.0&#8243; _module_preset=&#8221;default&#8221; global_colors_info=&#8221;{}&#8221;][et_pb_column type=&#8221;4_4&#8243; _builder_version=&#8221;4.24.0&#8243; _module_preset=&#8221;default&#8221; global_colors_info=&#8221;{}&#8221;][et_pb_divider _builder_version=&#8221;4.24.0&#8243; _module_preset=&#8221;default&#8221; global_colors_info=&#8221;{}&#8221;][\/et_pb_divider][\/et_pb_column][\/et_pb_row][et_pb_row _builder_version=&#8221;4.24.0&#8243; _module_preset=&#8221;default&#8221; global_colors_info=&#8221;{}&#8221;][et_pb_column type=&#8221;4_4&#8243; _builder_version=&#8221;4.24.0&#8243; _module_preset=&#8221;default&#8221; global_colors_info=&#8221;{}&#8221;][et_pb_text _builder_version=&#8221;4.24.0&#8243; _module_preset=&#8221;default&#8221; global_colors_info=&#8221;{}&#8221;]<\/p>\n<div class=\"mb-5\">\n<p class=\"fw-medium mb-0\"><span style=\"font-size: xx-large;\">V\u00e1llalkoz\u00e1s adatai:<\/span><\/p>\n<p class=\"fw-medium mb-0\"><span style=\"font-size: xx-large;\"><\/span><\/p>\n<p class=\"fw-medium mb-0\"><span style=\"font-size: xx-large;\"><\/span><\/p>\n<\/div>\n<p><strong>C\u00e9gn\u00e9v:<\/strong> Big Island Trading House Kft.<\/p>\n<p><strong>Sz\u00e9khely:<\/strong> <span style=\"font-size: 14px;\">9241 J\u00e1nossomorja, Franck utca 19<\/span><\/p>\n<p><span style=\"font-size: 14px;\"><strong>Levelez\u00e9si c\u00edm: <\/strong>9241 J\u00e1nossomorja, Franck utca 19<\/span><\/p>\n<p><strong>Ad\u00f3sz\u00e1m:<\/strong> <span style=\"font-size: 14px;\">32390465-2-08<\/span><\/p>\n<p><span style=\"font-size: 14px;\"><strong>C\u00e9gjegyz\u00e9ksz\u00e1m:<\/strong> 08-09-036170<\/span><\/p>\n<p><strong>A c\u00e9get bejegyz\u0151 hat\u00f3s\u00e1g:\u00a0<\/strong> Gy\u0151ri T\u00f6rv\u00e9nysz\u00e9k C\u00e9gb\u00edr\u00f3s\u00e1ga<\/p>\n<p><strong>Kamara:<\/strong> Magyar Kereskedelmi \u00e9s Iparkamara<\/p>\n<p><strong>Banksz\u00e1mla sz\u00e1ma: <\/strong>HU13109180010000012419830004<\/p>\n<p><strong>SWIFT:<span>\u00a0<\/span><\/strong><span>BACXHUHB<\/span><\/p>\n<p><strong>Telefonsz\u00e1m:<\/strong>\u00a0 +36704538797<\/p>\n<p><strong>E-mail:<\/strong> info@big-island.hu<\/p>\n<p>&nbsp;<\/p>\n<p><span style=\"font-size: xx-large;\">T\u00e1rhelyszolg\u00e1ltat\u00f3 adatai:<\/span><\/p>\n<p><span style=\"font-size: xx-large;\"><\/span><\/p>\n<p><strong>C\u00e9gn\u00e9v:<\/strong> <span>\u00a0Sybell Informatika Kft.<\/span><\/p>\n<p><strong>C\u00edm:<\/strong>\u00a0 <span>1158 Budapest, K\u00e9sm\u00e1rk u. 7\/B 2. em. 206.<\/span><\/p>\n<p><strong>Telefon:<\/strong><span>\u00a0+36 1 707 67 27<\/span><br \/><span><\/span><\/p>\n<p><strong>Web:<\/strong><span>\u00a0<\/span><a href=\"http:\/\/www.sybell.hu\/\">www.sybell.hu<\/a><\/p>\n<p><strong>E-mail:<\/strong> \u00a0<a href=\"mailto:info@sybell.hu\">info@sybell.hu<\/a><\/p>\n<p>[\/et_pb_text][\/et_pb_column][\/et_pb_row][\/et_pb_section]<\/p>\n","protected":false},"excerpt":{"rendered":"<p>V\u00e1llalkoz\u00e1s adatai: C\u00e9gn\u00e9v: Big Island Trading House Kft. Sz\u00e9khely: 9241 J\u00e1nossomorja, Franck utca 19 Levelez\u00e9si c\u00edm: 9241 J\u00e1nossomorja, Franck utca 19 Ad\u00f3sz\u00e1m: 32390465-2-08 C\u00e9gjegyz\u00e9ksz\u00e1m: 08-09-036170 A c\u00e9get bejegyz\u0151 hat\u00f3s\u00e1g:\u00a0 Gy\u0151ri T\u00f6rv\u00e9nysz\u00e9k C\u00e9gb\u00edr\u00f3s\u00e1ga Kamara: Magyar Kereskedelmi \u00e9s Iparkamara Banksz\u00e1mla sz\u00e1ma: HU13109180010000012419830004 SWIFT:\u00a0BACXHUHB Telefonsz\u00e1m:\u00a0 +36704538797 E-mail: info@big-island.hu &nbsp; T\u00e1rhelyszolg\u00e1ltat\u00f3 adatai: C\u00e9gn\u00e9v: \u00a0Sybell Informatika Kft. C\u00edm:\u00a0 1158 Budapest, [&hellip;]<\/p>\n","protected":false},"author":1,"featured_media":0,"parent":0,"menu_order":0,"comment_status":"closed","ping_status":"closed","template":"","meta":{"_et_pb_use_builder":"on","_et_pb_old_content":"<!-- wp:divi\/placeholder \/-->","_et_gb_content_width":"","footnotes":""},"class_list":["post-744","page","type-page","status-publish","hentry"],"jetpack_sharing_enabled":true,"_links":{"self":[{"href":"https:\/\/big-island.hu\/de\/wp-json\/wp\/v2\/pages\/744","targetHints":{"allow":["GET"]}}],"collection":[{"href":"https:\/\/big-island.hu\/de\/wp-json\/wp\/v2\/pages"}],"about":[{"href":"https:\/\/big-island.hu\/de\/wp-json\/wp\/v2\/types\/page"}],"author":[{"embeddable":true,"href":"https:\/\/big-island.hu\/de\/wp-json\/wp\/v2\/users\/1"}],"replies":[{"embeddable":true,"href":"https:\/\/big-island.hu\/de\/wp-json\/wp\/v2\/comments?post=744"}],"version-history":[{"count":2,"href":"https:\/\/big-island.hu\/de\/wp-json\/wp\/v2\/pages\/744\/revisions"}],"predecessor-version":[{"id":803,"href":"https:\/\/big-island.hu\/de\/wp-json\/wp\/v2\/pages\/744\/revisions\/803"}],"wp:attachment":[{"href":"https:\/\/big-island.hu\/de\/wp-json\/wp\/v2\/media?parent=744"}],"curies":[{"name":"wp","href":"https:\/\/api.w.org\/{rel}","templated":true}]}}