{"id":658,"date":"2024-03-12T12:17:50","date_gmt":"2024-03-12T11:17:50","guid":{"rendered":"https:\/\/big-island.hu\/?page_id=658"},"modified":"2024-03-12T12:17:53","modified_gmt":"2024-03-12T11:17:53","slug":"elallas_visszakuldes","status":"publish","type":"page","link":"https:\/\/big-island.hu\/de\/elallas_visszakuldes\/","title":{"rendered":"Visszat\u00e9r\u00edt\u00e9si \u00e9s visszak\u00fcld\u00e9si szab\u00e1lyzat"},"content":{"rendered":"<p><\/p>\n\n\n\n<p><\/p>\n\n\n\n<p>Visszat\u00e9r\u00edt\u00e9si \u00e9s visszak\u00fcld\u00e9si szab\u00e1lyzatunk 30 napig \u00e9rv\u00e9nyes. Ha a v\u00e1s\u00e1rl\u00e1s \u00f3ta eltelt 30 nap, nem \u00e1ll m\u00f3dunkban teljes visszat\u00e9r\u00edt\u00e9st vagy cser\u00e9t biztos\u00edtani.<\/p>\n\n\n\n<p><\/p>\n\n\n\n<p>A visszat\u00e9r\u00edt\u00e9shez vagy cser\u00e9hez a sz\u00e1mla felmutat\u00e1sa sz\u00fcks\u00e9ges.<\/p>\n\n\n\n<p><\/p>\n\n\n\n<p><h2>Csere<\/h2><\/p>\n\n\n\n<p>Kiz\u00e1r\u00f3lag s\u00e9r\u00fclt, hib\u00e1s vagy nem megfelel\u0151 min\u0151s\u00e9g\u0171 term\u00e9ket \u00e1ll m\u00f3dunkban kicser\u00e9lni vagy megt\u00e9r\u00edteni. Ez esetben k\u00e9rj\u00fck k\u00fcldje panasz\u00e1t az info@big-island.hu email c\u00edmre , rendel\u00e9se r\u00e9szleieivel.<\/p>\n\n\n\n<p><\/p>\n\n\n\n<p><\/p>\n\n\n\n<p><h2>Segts\u00e9gre van sz\u00fcks\u00e9ge?<\/h2><\/p>\n\n\n\n<p>L\u00e9pjen kapcsolatba vel\u00fcnk az info@big-island.hu email c\u00edmen.<\/p>","protected":false},"excerpt":{"rendered":"<p>Visszat\u00e9r\u00edt\u00e9si \u00e9s visszak\u00fcld\u00e9si szab\u00e1lyzatunk 30 napig \u00e9rv\u00e9nyes. Ha a v\u00e1s\u00e1rl\u00e1s \u00f3ta eltelt 30 nap, nem \u00e1ll m\u00f3dunkban teljes visszat\u00e9r\u00edt\u00e9st vagy cser\u00e9t biztos\u00edtani. A visszat\u00e9r\u00edt\u00e9shez vagy cser\u00e9hez a sz\u00e1mla felmutat\u00e1sa sz\u00fcks\u00e9ges. Csere Kiz\u00e1r\u00f3lag s\u00e9r\u00fclt, hib\u00e1s vagy nem megfelel\u0151 min\u0151s\u00e9g\u0171 term\u00e9ket \u00e1ll m\u00f3dunkban kicser\u00e9lni vagy megt\u00e9r\u00edteni. Ez esetben k\u00e9rj\u00fck k\u00fcldje panasz\u00e1t az info@big-island.hu email c\u00edmre , rendel\u00e9se [&hellip;]<\/p>\n","protected":false},"author":1,"featured_media":0,"parent":0,"menu_order":0,"comment_status":"closed","ping_status":"closed","template":"","meta":{"_et_pb_use_builder":"","_et_pb_old_content":"","_et_gb_content_width":"","footnotes":""},"class_list":["post-658","page","type-page","status-publish","hentry"],"jetpack_sharing_enabled":true,"_links":{"self":[{"href":"https:\/\/big-island.hu\/de\/wp-json\/wp\/v2\/pages\/658","targetHints":{"allow":["GET"]}}],"collection":[{"href":"https:\/\/big-island.hu\/de\/wp-json\/wp\/v2\/pages"}],"about":[{"href":"https:\/\/big-island.hu\/de\/wp-json\/wp\/v2\/types\/page"}],"author":[{"embeddable":true,"href":"https:\/\/big-island.hu\/de\/wp-json\/wp\/v2\/users\/1"}],"replies":[{"embeddable":true,"href":"https:\/\/big-island.hu\/de\/wp-json\/wp\/v2\/comments?post=658"}],"version-history":[{"count":0,"href":"https:\/\/big-island.hu\/de\/wp-json\/wp\/v2\/pages\/658\/revisions"}],"wp:attachment":[{"href":"https:\/\/big-island.hu\/de\/wp-json\/wp\/v2\/media?parent=658"}],"curies":[{"name":"wp","href":"https:\/\/api.w.org\/{rel}","templated":true}]}}